{"id":284,"date":"2024-12-17T22:58:05","date_gmt":"2024-12-17T21:58:05","guid":{"rendered":"https:\/\/schwarz-partner.de\/?page_id=284"},"modified":"2025-02-01T00:28:24","modified_gmt":"2025-01-31T23:28:24","slug":"changekompetenz","status":"publish","type":"page","link":"http:\/\/schwarz-partner.de\/en\/changekompetenz\/","title":{"rendered":"Change Competence"},"content":{"rendered":"<div data-elementor-type=\"wp-page\" data-elementor-id=\"284\" class=\"elementor elementor-284\" data-elementor-post-type=\"page\">\n\t\t\t\t\t\t<section class=\"elementor-section elementor-top-section elementor-element elementor-element-a7ef41b elementor-section-height-min-height elementor-section-items-bottom elementor-section-boxed elementor-section-height-default\" data-id=\"a7ef41b\" data-element_type=\"section\" data-settings=\"{&quot;background_background&quot;:&quot;classic&quot;}\">\n\t\t\t\t\t\t\t<div class=\"elementor-background-overlay\"><\/div>\n\t\t\t\t\t\t\t<div class=\"elementor-container elementor-column-gap-default\">\n\t\t\t\t\t<div class=\"elementor-column elementor-col-100 elementor-top-column elementor-element elementor-element-60e2966\" data-id=\"60e2966\" data-element_type=\"column\">\n\t\t\t<div class=\"elementor-widget-wrap elementor-element-populated\">\n\t\t\t\t\t\t<div class=\"elementor-element elementor-element-0d8b78a elementor-widget elementor-widget-heading\" data-id=\"0d8b78a\" data-element_type=\"widget\" data-widget_type=\"heading.default\">\n\t\t\t\t<div class=\"elementor-widget-container\">\n\t\t\t\t\t<h2 class=\"elementor-heading-title elementor-size-default\">\u203a Change Competence<\/h2>\t\t\t\t<\/div>\n\t\t\t\t<\/div>\n\t\t\t\t<div class=\"elementor-element elementor-element-a8b8d90 elementor-widget-divider--view-line elementor-widget elementor-widget-divider\" data-id=\"a8b8d90\" data-element_type=\"widget\" data-widget_type=\"divider.default\">\n\t\t\t\t<div class=\"elementor-widget-container\">\n\t\t\t\t\t\t\t<div class=\"elementor-divider\">\n\t\t\t<span class=\"elementor-divider-separator\">\n\t\t\t\t\t\t<\/span>\n\t\t<\/div>\n\t\t\t\t\t\t<\/div>\n\t\t\t\t<\/div>\n\t\t\t\t\t<\/div>\n\t\t<\/div>\n\t\t\t\t\t<\/div>\n\t\t<\/section>\n\t\t\t\t<section class=\"elementor-section elementor-top-section elementor-element elementor-element-3ba940b elementor-hidden-tablet elementor-hidden-mobile elementor-section-full_width elementor-section-height-default elementor-section-height-default\" data-id=\"3ba940b\" data-element_type=\"section\">\n\t\t\t\t\t\t<div class=\"elementor-container elementor-column-gap-default\">\n\t\t\t\t\t<div class=\"elementor-column elementor-col-100 elementor-top-column elementor-element elementor-element-e5bc73d\" data-id=\"e5bc73d\" data-element_type=\"column\">\n\t\t\t<div class=\"elementor-widget-wrap elementor-element-populated\">\n\t\t\t\t\t\t<div class=\"elementor-element elementor-element-02fcda8 elementor-widget-divider--view-line elementor-widget elementor-widget-divider\" data-id=\"02fcda8\" data-element_type=\"widget\" data-widget_type=\"divider.default\">\n\t\t\t\t<div class=\"elementor-widget-container\">\n\t\t\t\t\t\t\t<div class=\"elementor-divider\">\n\t\t\t<span class=\"elementor-divider-separator\">\n\t\t\t\t\t\t<\/span>\n\t\t<\/div>\n\t\t\t\t\t\t<\/div>\n\t\t\t\t<\/div>\n\t\t\t\t\t<\/div>\n\t\t<\/div>\n\t\t\t\t\t<\/div>\n\t\t<\/section>\n\t\t\t\t<section class=\"elementor-section elementor-top-section elementor-element elementor-element-d0f1513 elementor-section-boxed elementor-section-height-default elementor-section-height-default\" data-id=\"d0f1513\" data-element_type=\"section\">\n\t\t\t\t\t\t<div class=\"elementor-container elementor-column-gap-default\">\n\t\t\t\t\t<div class=\"elementor-column elementor-col-100 elementor-top-column elementor-element elementor-element-784f2f6\" data-id=\"784f2f6\" data-element_type=\"column\">\n\t\t\t<div class=\"elementor-widget-wrap elementor-element-populated\">\n\t\t\t\t\t\t<div class=\"elementor-element elementor-element-941a1d3 elementor-widget elementor-widget-heading\" data-id=\"941a1d3\" data-element_type=\"widget\" data-widget_type=\"heading.default\">\n\t\t\t\t<div class=\"elementor-widget-container\">\n\t\t\t\t\t<h2 class=\"elementor-heading-title elementor-size-default\">Shaping Constant Change as a Leader<\/h2>\t\t\t\t<\/div>\n\t\t\t\t<\/div>\n\t\t\t\t<div class=\"elementor-element elementor-element-3cd18ed elementor-widget elementor-widget-text-editor\" data-id=\"3cd18ed\" data-element_type=\"widget\" data-widget_type=\"text-editor.default\">\n\t\t\t\t<div class=\"elementor-widget-container\">\n\t\t\t\t\t\t\t\t\t<p>Changing mindset and attitudes is by far the greatest hurdle posed by change projects. Therefore, the intensive support and assistance for senior management is one of the relevant success factors of any change process.<\/p><p>It is crucial to raise the following questions within the company:<\/p><ul><li>How credible and authentic, how able are your managers to function effectively during the change process?<\/li><li>How well are they able to deal with their own uncertainty and the uncertainty of their employees?<\/li><li>How do they communicate to build trust and mobilize energy instead of demotivating?<\/li><li>How do they connect the overall entrepreneurial perspective and the individual interests of their employees credibly?<\/li><\/ul><p>\u00a0<\/p><p>Our change management support works intensively with the theory of U Claus O. Scharmer and focuses on the development of 7 essential competences:<\/p>\t\t\t\t\t\t\t\t<\/div>\n\t\t\t\t<\/div>\n\t\t\t\t<div class=\"elementor-element elementor-element-22cbf17 elementor-widget-divider--view-line elementor-widget elementor-widget-divider\" data-id=\"22cbf17\" data-element_type=\"widget\" data-widget_type=\"divider.default\">\n\t\t\t\t<div class=\"elementor-widget-container\">\n\t\t\t\t\t\t\t<div class=\"elementor-divider\">\n\t\t\t<span class=\"elementor-divider-separator\">\n\t\t\t\t\t\t<\/span>\n\t\t<\/div>\n\t\t\t\t\t\t<\/div>\n\t\t\t\t<\/div>\n\t\t\t\t<div class=\"elementor-element elementor-element-3b91a93 elementor-widget elementor-widget-text-editor\" data-id=\"3b91a93\" data-element_type=\"widget\" data-widget_type=\"text-editor.default\">\n\t\t\t\t<div class=\"elementor-widget-container\">\n\t\t\t\t\t\t\t\t\t<ol start=\"1\"><li class=\"translation-block\"><em>Mindfulness:<\/em> Accepting Ignorance, asking questions and raising to question<\/li><li class=\"translation-block\"><em>Openness:<\/em> Pushing to limits, observing and non-judgmental listening<\/li><li class=\"translation-block\"><em>Path Independence:<\/em> Thinking in alternatives, taking branch-offs, experimenting and stepping back<\/li><li class=\"translation-block\"><em>Combinatory Intelligence:<\/em> Considering all approaches, combining creatively, inviting the new<\/li><li class=\"translation-block\"><em>Shaping Capability:<\/em> Making the new compatible, creating prototypes and an \u201cexperimental garden\u201d<\/li><li class=\"translation-block\"><em>Cooperation Capacity:<\/em> Organizing new modes of interaction, bringing trust, respect and diversity to life<\/li><li class=\"translation-block\"><em>Patience and Perseverance:<\/em> Perseverance instead of doggedness, ability to learn from experiences of failure<\/li><\/ol>\t\t\t\t\t\t\t\t<\/div>\n\t\t\t\t<\/div>\n\t\t\t\t<div class=\"elementor-element elementor-element-52b78cf elementor-blockquote--skin-quotation elementor-blockquote--align-center elementor-widget elementor-widget-blockquote\" data-id=\"52b78cf\" data-element_type=\"widget\" data-widget_type=\"blockquote.default\">\n\t\t\t\t<div class=\"elementor-widget-container\">\n\t\t\t\t\t\t\t<blockquote class=\"elementor-blockquote\">\n\t\t\t<p class=\"elementor-blockquote__content\">\n\t\t\t\tChanging mindsets and attitudes is by far the biggest hurdle of change projects.\t\t\t<\/p>\n\t\t\t\t\t<\/blockquote>\n\t\t\t\t\t\t<\/div>\n\t\t\t\t<\/div>\n\t\t\t\t\t<\/div>\n\t\t<\/div>\n\t\t\t\t\t<\/div>\n\t\t<\/section>\n\t\t\t\t<section class=\"elementor-section elementor-top-section elementor-element elementor-element-7b1e242b elementor-section-boxed elementor-section-height-default elementor-section-height-default\" data-id=\"7b1e242b\" data-element_type=\"section\">\n\t\t\t\t\t\t<div class=\"elementor-container elementor-column-gap-default\">\n\t\t\t\t\t<div class=\"elementor-column elementor-col-100 elementor-top-column elementor-element elementor-element-4cd43fa5\" data-id=\"4cd43fa5\" data-element_type=\"column\">\n\t\t\t<div class=\"elementor-widget-wrap elementor-element-populated\">\n\t\t\t\t\t\t<div class=\"elementor-element elementor-element-6c3587cc elementor-widget-divider--view-line elementor-widget elementor-widget-divider\" data-id=\"6c3587cc\" data-element_type=\"widget\" data-widget_type=\"divider.default\">\n\t\t\t\t<div class=\"elementor-widget-container\">\n\t\t\t\t\t\t\t<div class=\"elementor-divider\">\n\t\t\t<span class=\"elementor-divider-separator\">\n\t\t\t\t\t\t<\/span>\n\t\t<\/div>\n\t\t\t\t\t\t<\/div>\n\t\t\t\t<\/div>\n\t\t\t\t<div class=\"elementor-element elementor-element-1704b75a elementor-align-center elementor-tablet-align-center elementor-mobile-align-center elementor-widget elementor-widget-button\" data-id=\"1704b75a\" data-element_type=\"widget\" data-widget_type=\"button.default\">\n\t\t\t\t<div class=\"elementor-widget-container\">\n\t\t\t\t\t\t\t\t\t<div class=\"elementor-button-wrapper\">\n\t\t\t\t\t<a class=\"elementor-button elementor-button-link elementor-size-sm elementor-animation-pop\" href=\"#top\">\n\t\t\t\t\t\t<span class=\"elementor-button-content-wrapper\">\n\t\t\t\t\t\t<span class=\"elementor-button-icon\">\n\t\t\t\t<svg aria-hidden=\"true\" class=\"e-font-icon-svg e-fas-long-arrow-alt-up\" viewbox=\"0 0 256 512\" xmlns=\"http:\/\/www.w3.org\/2000\/svg\"><path d=\"M88 166.059V468c0 6.627 5.373 12 12 12h56c6.627 0 12-5.373 12-12V166.059h46.059c21.382 0 32.09-25.851 16.971-40.971l-86.059-86.059c-9.373-9.373-24.569-9.373-33.941 0l-86.059 86.059c-15.119 15.119-4.411 40.971 16.971 40.971H88z\"><\/path><\/svg>\t\t\t<\/span>\n\t\t\t\t\t\t\t\t\t<span class=\"elementor-button-text\">zum Anfang<\/span>\n\t\t\t\t\t<\/span>\n\t\t\t\t\t<\/a>\n\t\t\t\t<\/div>\n\t\t\t\t\t\t\t\t<\/div>\n\t\t\t\t<\/div>\n\t\t\t\t\t<\/div>\n\t\t<\/div>\n\t\t\t\t\t<\/div>\n\t\t<\/section>\n\t\t\t\t<\/div>","protected":false},"excerpt":{"rendered":"<p>\u203a Changekompetenz Als F\u00fchrungskraft den best\u00e4ndigen Wandel mitgestalten Das Ver\u00e4ndern von Den\u00adkweisen und Ein\u00adstellungen ist mit Ab\u00adstand die gr\u00f6\u00dfte H\u00fcr\u00adde von Ver\u00ad\u00e4n\u00adderungs\u00ad\u00adpro\u00adjek\u00adten. Des\u00adhalb ge\u00adh\u00f6rt die inten\u00adsive Be\u00adglei\u00adtung und Unter\u00adst\u00fctzung der F\u00fchrungs\u00ad\u00adkr\u00e4f\u00adte zu den er\u00adfolgs\u00ad\u00adre\u00adle\u00advan\u00adten Fak\u00adto\u00adren jedes Change\u00adprozesses. Wichtig ist es, sich im Unternehmen folgende Fragen zu stellen: Wie glaubw\u00fcrdig und authentisch, wie handlungsf\u00e4hig agieren Ihre [&hellip;]<\/p>","protected":false},"author":1,"featured_media":0,"parent":0,"menu_order":0,"comment_status":"closed","ping_status":"closed","template":"elementor_header_footer","meta":{"slim_seo":{"title":"Changekompetenz - Schwarz und Partner","description":"\u203a Changekompetenz Als F\u00fchrungskraft den best\u00e4ndigen Wandel mitgestalten Das Ver\u00e4ndern von Den\u00adkweisen und Ein\u00adstellungen ist mit Ab\u00adstand die gr\u00f6\u00dfte H\u00fcr\u00adde von"},"footnotes":""},"class_list":["post-284","page","type-page","status-publish","hentry"],"_links":{"self":[{"href":"http:\/\/schwarz-partner.de\/en\/wp-json\/wp\/v2\/pages\/284","targetHints":{"allow":["GET"]}}],"collection":[{"href":"http:\/\/schwarz-partner.de\/en\/wp-json\/wp\/v2\/pages"}],"about":[{"href":"http:\/\/schwarz-partner.de\/en\/wp-json\/wp\/v2\/types\/page"}],"author":[{"embeddable":true,"href":"http:\/\/schwarz-partner.de\/en\/wp-json\/wp\/v2\/users\/1"}],"replies":[{"embeddable":true,"href":"http:\/\/schwarz-partner.de\/en\/wp-json\/wp\/v2\/comments?post=284"}],"version-history":[{"count":0,"href":"http:\/\/schwarz-partner.de\/en\/wp-json\/wp\/v2\/pages\/284\/revisions"}],"wp:attachment":[{"href":"http:\/\/schwarz-partner.de\/en\/wp-json\/wp\/v2\/media?parent=284"}],"curies":[{"name":"wp","href":"https:\/\/api.w.org\/{rel}","templated":true}]}}