{"id":367,"date":"2024-12-18T00:23:36","date_gmt":"2024-12-17T23:23:36","guid":{"rendered":"https:\/\/schwarz-partner.de\/?page_id=367"},"modified":"2025-08-06T21:37:27","modified_gmt":"2025-08-06T19:37:27","slug":"beate-schwarz","status":"publish","type":"page","link":"http:\/\/schwarz-partner.de\/en\/beate-schwarz\/","title":{"rendered":"Beate Schwarz"},"content":{"rendered":"<div data-elementor-type=\"wp-page\" data-elementor-id=\"367\" class=\"elementor elementor-367\" data-elementor-post-type=\"page\">\n\t\t\t\t\t\t<section class=\"elementor-section elementor-top-section elementor-element elementor-element-a7ef41b elementor-section-height-min-height elementor-section-boxed elementor-section-height-default elementor-section-items-middle\" data-id=\"a7ef41b\" data-element_type=\"section\" id=\"top\" data-settings=\"{&quot;background_background&quot;:&quot;classic&quot;}\">\n\t\t\t\t\t\t\t<div class=\"elementor-background-overlay\"><\/div>\n\t\t\t\t\t\t\t<div class=\"elementor-container elementor-column-gap-default\">\n\t\t\t\t\t<div class=\"elementor-column elementor-col-100 elementor-top-column elementor-element elementor-element-60e2966\" data-id=\"60e2966\" data-element_type=\"column\">\n\t\t\t<div class=\"elementor-widget-wrap elementor-element-populated\">\n\t\t\t\t\t\t<div class=\"elementor-element elementor-element-0d8b78a elementor-widget elementor-widget-heading\" data-id=\"0d8b78a\" data-element_type=\"widget\" data-widget_type=\"heading.default\">\n\t\t\t\t<div class=\"elementor-widget-container\">\n\t\t\t\t\t<h2 class=\"elementor-heading-title elementor-size-default\">\u203a Beate Schwarz<\/h2>\t\t\t\t<\/div>\n\t\t\t\t<\/div>\n\t\t\t\t<div class=\"elementor-element elementor-element-a8b8d90 elementor-widget-divider--view-line elementor-widget elementor-widget-divider\" data-id=\"a8b8d90\" data-element_type=\"widget\" data-widget_type=\"divider.default\">\n\t\t\t\t<div class=\"elementor-widget-container\">\n\t\t\t\t\t\t\t<div class=\"elementor-divider\">\n\t\t\t<span class=\"elementor-divider-separator\">\n\t\t\t\t\t\t<\/span>\n\t\t<\/div>\n\t\t\t\t\t\t<\/div>\n\t\t\t\t<\/div>\n\t\t\t\t\t<\/div>\n\t\t<\/div>\n\t\t\t\t\t<\/div>\n\t\t<\/section>\n\t\t\t\t<section class=\"elementor-section elementor-top-section elementor-element elementor-element-3ba940b elementor-section-full_width elementor-section-height-default elementor-section-height-default\" data-id=\"3ba940b\" data-element_type=\"section\">\n\t\t\t\t\t\t<div class=\"elementor-container elementor-column-gap-default\">\n\t\t\t\t\t<div class=\"elementor-column elementor-col-100 elementor-top-column elementor-element elementor-element-e5bc73d\" data-id=\"e5bc73d\" data-element_type=\"column\">\n\t\t\t<div class=\"elementor-widget-wrap elementor-element-populated\">\n\t\t\t\t\t\t<div class=\"elementor-element elementor-element-5baff6c elementor-widget__width-auto elementor-widget elementor-widget-text-editor\" data-id=\"5baff6c\" data-element_type=\"widget\" data-widget_type=\"text-editor.default\">\n\t\t\t\t<div class=\"elementor-widget-container\">\n\t\t\t\t\t\t\t\t\t<p>Beraterprofile:<\/p>\t\t\t\t\t\t\t\t<\/div>\n\t\t\t\t<\/div>\n\t\t\t\t<div class=\"elementor-element elementor-element-09c771b elementor-widget-divider--view-line elementor-widget elementor-widget-divider\" data-id=\"09c771b\" data-element_type=\"widget\" data-widget_type=\"divider.default\">\n\t\t\t\t<div class=\"elementor-widget-container\">\n\t\t\t\t\t\t\t<div class=\"elementor-divider\">\n\t\t\t<span class=\"elementor-divider-separator\">\n\t\t\t\t\t\t<\/span>\n\t\t<\/div>\n\t\t\t\t\t\t<\/div>\n\t\t\t\t<\/div>\n\t\t\t\t\t<\/div>\n\t\t<\/div>\n\t\t\t\t\t<\/div>\n\t\t<\/section>\n\t\t\t\t<section class=\"elementor-section elementor-top-section elementor-element elementor-element-d0f1513 elementor-section-boxed elementor-section-height-default elementor-section-height-default\" data-id=\"d0f1513\" data-element_type=\"section\">\n\t\t\t\t\t\t<div class=\"elementor-container elementor-column-gap-default\">\n\t\t\t\t\t<div class=\"elementor-column elementor-col-100 elementor-top-column elementor-element elementor-element-784f2f6\" data-id=\"784f2f6\" data-element_type=\"column\">\n\t\t\t<div class=\"elementor-widget-wrap elementor-element-populated\">\n\t\t\t\t\t\t<section class=\"elementor-section elementor-inner-section elementor-element elementor-element-e8c8ee4 elementor-section-boxed elementor-section-height-default elementor-section-height-default\" data-id=\"e8c8ee4\" data-element_type=\"section\">\n\t\t\t\t\t\t<div class=\"elementor-container elementor-column-gap-wide\">\n\t\t\t\t\t<div class=\"elementor-column elementor-col-50 elementor-inner-column elementor-element elementor-element-f56f33f\" data-id=\"f56f33f\" data-element_type=\"column\">\n\t\t\t<div class=\"elementor-widget-wrap elementor-element-populated\">\n\t\t\t\t\t\t<div class=\"elementor-element elementor-element-ae4f18d elementor-widget elementor-widget-image\" data-id=\"ae4f18d\" data-element_type=\"widget\" data-widget_type=\"image.default\">\n\t\t\t\t<div class=\"elementor-widget-container\">\n\t\t\t\t\t\t\t\t\t\t\t\t\t\t\t<img fetchpriority=\"high\" decoding=\"async\" width=\"400\" height=\"400\" src=\"https:\/\/schwarz-partner.de\/wp-content\/uploads\/2024\/12\/Beate_Schwarz_freigestellt.jpg\" class=\"attachment-large size-large wp-image-369\" alt=\"Beate schwarz\" srcset=\"https:\/\/schwarz-partner.de\/wp-content\/uploads\/2024\/12\/Beate_Schwarz_freigestellt.jpg 400w, https:\/\/schwarz-partner.de\/wp-content\/uploads\/2024\/12\/Beate_Schwarz_freigestellt-300x300.jpg 300w, https:\/\/schwarz-partner.de\/wp-content\/uploads\/2024\/12\/Beate_Schwarz_freigestellt-150x150.jpg 150w\" sizes=\"(max-width: 400px) 100vw, 400px\" \/>\t\t\t\t\t\t\t\t\t\t\t\t\t\t\t<\/div>\n\t\t\t\t<\/div>\n\t\t\t\t<div class=\"elementor-element elementor-element-f48f5e8 elementor-widget elementor-widget-text-editor\" data-id=\"f48f5e8\" data-element_type=\"widget\" data-widget_type=\"text-editor.default\">\n\t\t\t\t<div class=\"elementor-widget-container\">\n\t\t\t\t\t\t\t\t\t<p>Gesch\u00e4ftsf\u00fchrerin<\/p>\t\t\t\t\t\t\t\t<\/div>\n\t\t\t\t<\/div>\n\t\t\t\t<div class=\"elementor-element elementor-element-4f1136c elementor-widget elementor-widget-image\" data-id=\"4f1136c\" data-element_type=\"widget\" data-widget_type=\"image.default\">\n\t\t\t\t<div class=\"elementor-widget-container\">\n\t\t\t\t\t\t\t\t\t\t\t\t\t\t\t<img decoding=\"async\" width=\"200\" height=\"85\" src=\"https:\/\/schwarz-partner.de\/wp-content\/uploads\/2024\/12\/Logo_UWM-200x85-1.jpg\" class=\"attachment-large size-large wp-image-373\" alt=\"Logo uwm 200x85\" \/>\t\t\t\t\t\t\t\t\t\t\t\t\t\t\t<\/div>\n\t\t\t\t<\/div>\n\t\t\t\t\t<\/div>\n\t\t<\/div>\n\t\t\t\t<div class=\"elementor-column elementor-col-50 elementor-inner-column elementor-element elementor-element-4f8b93a\" data-id=\"4f8b93a\" data-element_type=\"column\">\n\t\t\t<div class=\"elementor-widget-wrap elementor-element-populated\">\n\t\t\t\t\t\t<div class=\"elementor-element elementor-element-82fe6b6 elementor-blockquote--skin-quotation elementor-blockquote--align-center elementor-widget elementor-widget-blockquote\" data-id=\"82fe6b6\" data-element_type=\"widget\" data-widget_type=\"blockquote.default\">\n\t\t\t\t<div class=\"elementor-widget-container\">\n\t\t\t\t\t\t\t<blockquote class=\"elementor-blockquote\">\n\t\t\t<p class=\"elementor-blockquote__content\">\n\t\t\t\tThe determination to go is paving the way.\t\t\t<\/p>\n\t\t\t\t\t<\/blockquote>\n\t\t\t\t\t\t<\/div>\n\t\t\t\t<\/div>\n\t\t\t\t<div class=\"elementor-element elementor-element-941a1d3 elementor-widget elementor-widget-heading\" data-id=\"941a1d3\" data-element_type=\"widget\" data-widget_type=\"heading.default\">\n\t\t\t\t<div class=\"elementor-widget-container\">\n\t\t\t\t\t<h2 class=\"elementor-heading-title elementor-size-default\">Education and Qualification:<\/h2>\t\t\t\t<\/div>\n\t\t\t\t<\/div>\n\t\t\t\t<div class=\"elementor-element elementor-element-3b91a93 elementor-widget elementor-widget-text-editor\" data-id=\"3b91a93\" data-element_type=\"widget\" data-widget_type=\"text-editor.default\">\n\t\t\t\t<div class=\"elementor-widget-container\">\n\t\t\t\t\t\t\t\t\t<ul><li>Social Education, M.A., focus on Organi\u00adzational and Personnel Develop\u00adment<\/li><li>Independent trainer and CEO of Schwarz &amp; Partner since 1998<\/li><li>Further Development in Sys\u00adtemic Coun\u00adselling in Orga\u00adni\u00adzational and Per\u00adsonnel De\u00advelop\u00adment<\/li><li>Systemic Transaction Analysis (A. Gl\u00f6ck\u00adner)<\/li><li>Dialogue Facilitator (Hart\u00adkemeyer, Free\u00adman, Osna\u00adbr\u00fcck)<\/li><li>Bioenergetics (W.Pechtl)<\/li><li>Organizational Constellations (istob)<\/li><li>Group Dynamics and Con\u00adflict Manage\u00adment (Moderatio)<\/li><li>Conflict and Crisis Inter\u00advention<\/li><li>Further Training Coaching (Pro\u00adfessio)<\/li><li>Non-violent Communication by M. Rosen\u00adberg<\/li><li>Theory U \/ Social Pre\u00adsen\u00adcing Theater<\/li><li>Solution focused Consul\u00adtancy (Gun\u00adther Schmidt)<\/li><li>Coaching with ZRM (Maja Storch, Z\u00fcrich)<\/li><li>Visioning (Scola, Heidel\u00adberg)<\/li><li>Professional Natural Horsemanship Training (R. Mantler, Steyr)<\/li><\/ul>\t\t\t\t\t\t\t\t<\/div>\n\t\t\t\t<\/div>\n\t\t\t\t<div class=\"elementor-element elementor-element-c259e05 elementor-widget-divider--view-line elementor-widget elementor-widget-divider\" data-id=\"c259e05\" data-element_type=\"widget\" data-widget_type=\"divider.default\">\n\t\t\t\t<div class=\"elementor-widget-container\">\n\t\t\t\t\t\t\t<div class=\"elementor-divider\">\n\t\t\t<span class=\"elementor-divider-separator\">\n\t\t\t\t\t\t<\/span>\n\t\t<\/div>\n\t\t\t\t\t\t<\/div>\n\t\t\t\t<\/div>\n\t\t\t\t<div class=\"elementor-element elementor-element-8ee64d5 elementor-widget elementor-widget-heading\" data-id=\"8ee64d5\" data-element_type=\"widget\" data-widget_type=\"heading.default\">\n\t\t\t\t<div class=\"elementor-widget-container\">\n\t\t\t\t\t<h2 class=\"elementor-heading-title elementor-size-default\">Consultating and Training Experience:<\/h2>\t\t\t\t<\/div>\n\t\t\t\t<\/div>\n\t\t\t\t<div class=\"elementor-element elementor-element-00bbaf9 elementor-widget elementor-widget-text-editor\" data-id=\"00bbaf9\" data-element_type=\"widget\" data-widget_type=\"text-editor.default\">\n\t\t\t\t<div class=\"elementor-widget-container\">\n\t\t\t\t\t\t\t\t\t<ul><li>Support and Counselling in Organi\u00adzation De\u00advelop\u00adment Measures<\/li><li>All relevant topics in the areas of Leadership, Communication and Conflict Management<\/li><li>Design and implementation of Team Developments<\/li><li>Support of Change Management projects<\/li><li>Introduction and support of Action Learning Groups<\/li><li>Training and coaching of executives<\/li><li>Horse-assisted Team and Leadership Development<\/li><\/ul>\t\t\t\t\t\t\t\t<\/div>\n\t\t\t\t<\/div>\n\t\t\t\t<div class=\"elementor-element elementor-element-d43676b elementor-widget elementor-widget-image\" data-id=\"d43676b\" data-element_type=\"widget\" data-widget_type=\"image.default\">\n\t\t\t\t<div class=\"elementor-widget-container\">\n\t\t\t\t\t\t\t\t\t\t\t\t\t\t\t<img decoding=\"async\" width=\"100\" height=\"63\" src=\"https:\/\/schwarz-partner.de\/wp-content\/uploads\/2024\/12\/pferd_mensch-100x63-1.jpg\" class=\"attachment-thumbnail size-thumbnail wp-image-355\" alt=\"Pferd mensch 100x63\" \/>\t\t\t\t\t\t\t\t\t\t\t\t\t\t\t<\/div>\n\t\t\t\t<\/div>\n\t\t\t\t\t<\/div>\n\t\t<\/div>\n\t\t\t\t\t<\/div>\n\t\t<\/section>\n\t\t\t\t\t<\/div>\n\t\t<\/div>\n\t\t\t\t\t<\/div>\n\t\t<\/section>\n\t\t\t\t<section class=\"elementor-section elementor-top-section elementor-element elementor-element-66aa80a1 elementor-section-boxed elementor-section-height-default elementor-section-height-default\" data-id=\"66aa80a1\" data-element_type=\"section\">\n\t\t\t\t\t\t<div class=\"elementor-container elementor-column-gap-default\">\n\t\t\t\t\t<div class=\"elementor-column elementor-col-100 elementor-top-column elementor-element elementor-element-33e0fa34\" data-id=\"33e0fa34\" data-element_type=\"column\">\n\t\t\t<div class=\"elementor-widget-wrap elementor-element-populated\">\n\t\t\t\t\t\t<div class=\"elementor-element elementor-element-42172ced elementor-widget-divider--view-line elementor-widget elementor-widget-divider\" data-id=\"42172ced\" data-element_type=\"widget\" data-widget_type=\"divider.default\">\n\t\t\t\t<div class=\"elementor-widget-container\">\n\t\t\t\t\t\t\t<div class=\"elementor-divider\">\n\t\t\t<span class=\"elementor-divider-separator\">\n\t\t\t\t\t\t<\/span>\n\t\t<\/div>\n\t\t\t\t\t\t<\/div>\n\t\t\t\t<\/div>\n\t\t\t\t<div class=\"elementor-element elementor-element-72ac3b8f elementor-align-center elementor-tablet-align-center elementor-mobile-align-center elementor-widget elementor-widget-button\" data-id=\"72ac3b8f\" data-element_type=\"widget\" data-widget_type=\"button.default\">\n\t\t\t\t<div class=\"elementor-widget-container\">\n\t\t\t\t\t\t\t\t\t<div class=\"elementor-button-wrapper\">\n\t\t\t\t\t<a class=\"elementor-button elementor-button-link elementor-size-sm elementor-animation-pop\" href=\"#top\">\n\t\t\t\t\t\t<span class=\"elementor-button-content-wrapper\">\n\t\t\t\t\t\t<span class=\"elementor-button-icon\">\n\t\t\t\t<svg aria-hidden=\"true\" class=\"e-font-icon-svg e-fas-long-arrow-alt-up\" viewbox=\"0 0 256 512\" xmlns=\"http:\/\/www.w3.org\/2000\/svg\"><path d=\"M88 166.059V468c0 6.627 5.373 12 12 12h56c6.627 0 12-5.373 12-12V166.059h46.059c21.382 0 32.09-25.851 16.971-40.971l-86.059-86.059c-9.373-9.373-24.569-9.373-33.941 0l-86.059 86.059c-15.119 15.119-4.411 40.971 16.971 40.971H88z\"><\/path><\/svg>\t\t\t<\/span>\n\t\t\t\t\t\t\t\t\t<span class=\"elementor-button-text\">zum Anfang<\/span>\n\t\t\t\t\t<\/span>\n\t\t\t\t\t<\/a>\n\t\t\t\t<\/div>\n\t\t\t\t\t\t\t\t<\/div>\n\t\t\t\t<\/div>\n\t\t\t\t\t<\/div>\n\t\t<\/div>\n\t\t\t\t\t<\/div>\n\t\t<\/section>\n\t\t\t\t<\/div>","protected":false},"excerpt":{"rendered":"<p>\u203a Beate Schwarz Beraterprofile: Gesch\u00e4ftsf\u00fchrerin Die Entschlossenheit zu gehen bereitet den Weg. Aus- und Weiterbildung: Dipl. Sozialp\u00e4dagogin (FH), Schwerpunkt Organi\u00adsations- und Per\u00adso\u00adnal\u00adent\u00adwick\u00adlung Seit 1998 selb\u00adst\u00e4ndige Trainerin und Gesch\u00e4fts\u00adf\u00fchrerin von Schwarz &amp; Partner Weiter\u00adqualifizierung in sys\u00adtemi\u00adscher Be\u00adratung f\u00fcr Orga\u00adni\u00adsations- und Per\u00adso\u00adnal\u00ad\u00adent\u00adwick\u00adlung (Institut f\u00fcr sys\u00adte\u00admische Be\u00adratung, Wies\u00adloch) Systemische Transaktions\u00adanalyse (A. Gl\u00f6ck\u00adner) Dialog\u00adfacilitator (Hartkemeyer, Freeman, Osna\u00adbr\u00fcck) Bioenergetik (W.Pechtl) [&hellip;]<\/p>","protected":false},"author":1,"featured_media":0,"parent":0,"menu_order":0,"comment_status":"closed","ping_status":"closed","template":"elementor_header_footer","meta":{"slim_seo":{"title":"Beate Schwarz - Schwarz und Partner","description":"\u203a Beate Schwarz Beraterprofile: Gesch\u00e4ftsf\u00fchrerin Die Entschlossenheit zu gehen bereitet den Weg. Aus- und Weiterbildung: Dipl. Sozialp\u00e4dagogin (FH), Schwerpunk"},"footnotes":""},"class_list":["post-367","page","type-page","status-publish","hentry"],"_links":{"self":[{"href":"http:\/\/schwarz-partner.de\/en\/wp-json\/wp\/v2\/pages\/367","targetHints":{"allow":["GET"]}}],"collection":[{"href":"http:\/\/schwarz-partner.de\/en\/wp-json\/wp\/v2\/pages"}],"about":[{"href":"http:\/\/schwarz-partner.de\/en\/wp-json\/wp\/v2\/types\/page"}],"author":[{"embeddable":true,"href":"http:\/\/schwarz-partner.de\/en\/wp-json\/wp\/v2\/users\/1"}],"replies":[{"embeddable":true,"href":"http:\/\/schwarz-partner.de\/en\/wp-json\/wp\/v2\/comments?post=367"}],"version-history":[{"count":0,"href":"http:\/\/schwarz-partner.de\/en\/wp-json\/wp\/v2\/pages\/367\/revisions"}],"wp:attachment":[{"href":"http:\/\/schwarz-partner.de\/en\/wp-json\/wp\/v2\/media?parent=367"}],"curies":[{"name":"wp","href":"https:\/\/api.w.org\/{rel}","templated":true}]}}