{"id":514,"date":"2024-12-18T09:42:20","date_gmt":"2024-12-18T08:42:20","guid":{"rendered":"https:\/\/schwarz-partner.de\/?page_id=514"},"modified":"2025-08-04T17:09:12","modified_gmt":"2025-08-04T15:09:12","slug":"katja-pleterski","status":"publish","type":"page","link":"https:\/\/schwarz-partner.de\/en\/katja-pleterski\/","title":{"rendered":"Katja Pleterski"},"content":{"rendered":"<div data-elementor-type=\"wp-page\" data-elementor-id=\"514\" class=\"elementor elementor-514\" data-elementor-post-type=\"page\">\n\t\t\t\t\t\t<section class=\"elementor-section elementor-top-section elementor-element elementor-element-a7ef41b elementor-section-height-min-height elementor-section-items-bottom elementor-section-boxed elementor-section-height-default\" data-id=\"a7ef41b\" data-element_type=\"section\" data-settings=\"{&quot;background_background&quot;:&quot;classic&quot;}\">\n\t\t\t\t\t\t\t<div class=\"elementor-background-overlay\"><\/div>\n\t\t\t\t\t\t\t<div class=\"elementor-container elementor-column-gap-default\">\n\t\t\t\t\t<div class=\"elementor-column elementor-col-100 elementor-top-column elementor-element elementor-element-60e2966\" data-id=\"60e2966\" data-element_type=\"column\">\n\t\t\t<div class=\"elementor-widget-wrap elementor-element-populated\">\n\t\t\t\t\t\t<div class=\"elementor-element elementor-element-0d8b78a elementor-widget elementor-widget-heading\" data-id=\"0d8b78a\" data-element_type=\"widget\" data-widget_type=\"heading.default\">\n\t\t\t\t<div class=\"elementor-widget-container\">\n\t\t\t\t\t<h2 class=\"elementor-heading-title elementor-size-default\">\u203a Dipl. Psych. Katja Pleterski<\/h2>\t\t\t\t<\/div>\n\t\t\t\t<\/div>\n\t\t\t\t<div class=\"elementor-element elementor-element-a8b8d90 elementor-widget-divider--view-line elementor-widget elementor-widget-divider\" data-id=\"a8b8d90\" data-element_type=\"widget\" data-widget_type=\"divider.default\">\n\t\t\t\t<div class=\"elementor-widget-container\">\n\t\t\t\t\t\t\t<div class=\"elementor-divider\">\n\t\t\t<span class=\"elementor-divider-separator\">\n\t\t\t\t\t\t<\/span>\n\t\t<\/div>\n\t\t\t\t\t\t<\/div>\n\t\t\t\t<\/div>\n\t\t\t\t\t<\/div>\n\t\t<\/div>\n\t\t\t\t\t<\/div>\n\t\t<\/section>\n\t\t\t\t<section class=\"elementor-section elementor-top-section elementor-element elementor-element-3ba940b elementor-section-full_width elementor-section-height-default elementor-section-height-default\" data-id=\"3ba940b\" data-element_type=\"section\">\n\t\t\t\t\t\t<div class=\"elementor-container elementor-column-gap-default\">\n\t\t\t\t\t<div class=\"elementor-column elementor-col-100 elementor-top-column elementor-element elementor-element-e5bc73d\" data-id=\"e5bc73d\" data-element_type=\"column\">\n\t\t\t<div class=\"elementor-widget-wrap elementor-element-populated\">\n\t\t\t\t\t\t<div class=\"elementor-element elementor-element-5baff6c elementor-widget__width-auto elementor-widget elementor-widget-text-editor\" data-id=\"5baff6c\" data-element_type=\"widget\" data-widget_type=\"text-editor.default\">\n\t\t\t\t<div class=\"elementor-widget-container\">\n\t\t\t\t\t\t\t\t\t<p>Beraterprofile:<\/p>\t\t\t\t\t\t\t\t<\/div>\n\t\t\t\t<\/div>\n\t\t\t\t<div class=\"elementor-element elementor-element-717051e elementor-widget-divider--view-line elementor-widget elementor-widget-divider\" data-id=\"717051e\" data-element_type=\"widget\" data-widget_type=\"divider.default\">\n\t\t\t\t<div class=\"elementor-widget-container\">\n\t\t\t\t\t\t\t<div class=\"elementor-divider\">\n\t\t\t<span class=\"elementor-divider-separator\">\n\t\t\t\t\t\t<\/span>\n\t\t<\/div>\n\t\t\t\t\t\t<\/div>\n\t\t\t\t<\/div>\n\t\t\t\t\t<\/div>\n\t\t<\/div>\n\t\t\t\t\t<\/div>\n\t\t<\/section>\n\t\t\t\t<section class=\"elementor-section elementor-top-section elementor-element elementor-element-d0f1513 elementor-section-boxed elementor-section-height-default elementor-section-height-default\" data-id=\"d0f1513\" data-element_type=\"section\">\n\t\t\t\t\t\t<div class=\"elementor-container elementor-column-gap-default\">\n\t\t\t\t\t<div class=\"elementor-column elementor-col-100 elementor-top-column elementor-element elementor-element-784f2f6\" data-id=\"784f2f6\" data-element_type=\"column\">\n\t\t\t<div class=\"elementor-widget-wrap elementor-element-populated\">\n\t\t\t\t\t\t<section class=\"elementor-section elementor-inner-section elementor-element elementor-element-e8c8ee4 elementor-section-boxed elementor-section-height-default elementor-section-height-default\" data-id=\"e8c8ee4\" data-element_type=\"section\">\n\t\t\t\t\t\t<div class=\"elementor-container elementor-column-gap-wide\">\n\t\t\t\t\t<div class=\"elementor-column elementor-col-50 elementor-inner-column elementor-element elementor-element-f56f33f\" data-id=\"f56f33f\" data-element_type=\"column\">\n\t\t\t<div class=\"elementor-widget-wrap elementor-element-populated\">\n\t\t\t\t\t\t<div class=\"elementor-element elementor-element-ae4f18d elementor-widget elementor-widget-image\" data-id=\"ae4f18d\" data-element_type=\"widget\" data-widget_type=\"image.default\">\n\t\t\t\t<div class=\"elementor-widget-container\">\n\t\t\t\t\t\t\t\t\t\t\t\t\t\t\t<img fetchpriority=\"high\" decoding=\"async\" width=\"400\" height=\"400\" src=\"https:\/\/schwarz-partner.de\/wp-content\/uploads\/2025\/08\/katja_pleterski_2025.jpg\" class=\"attachment-large size-large wp-image-1059\" alt=\"Katja pleterski 2025\" srcset=\"https:\/\/schwarz-partner.de\/wp-content\/uploads\/2025\/08\/katja_pleterski_2025.jpg 400w, https:\/\/schwarz-partner.de\/wp-content\/uploads\/2025\/08\/katja_pleterski_2025-300x300.jpg 300w, https:\/\/schwarz-partner.de\/wp-content\/uploads\/2025\/08\/katja_pleterski_2025-150x150.jpg 150w, https:\/\/schwarz-partner.de\/wp-content\/uploads\/2025\/08\/katja_pleterski_2025-12x12.jpg 12w\" sizes=\"(max-width: 400px) 100vw, 400px\" \/>\t\t\t\t\t\t\t\t\t\t\t\t\t\t\t<\/div>\n\t\t\t\t<\/div>\n\t\t\t\t<div class=\"elementor-element elementor-element-f48f5e8 elementor-widget elementor-widget-text-editor\" data-id=\"f48f5e8\" data-element_type=\"widget\" data-widget_type=\"text-editor.default\">\n\t\t\t\t<div class=\"elementor-widget-container\">\n\t\t\t\t\t\t\t\t\t<p>Independent Consultant<br \/>Schwarz &amp; Partner<\/p>\t\t\t\t\t\t\t\t<\/div>\n\t\t\t\t<\/div>\n\t\t\t\t\t<\/div>\n\t\t<\/div>\n\t\t\t\t<div class=\"elementor-column elementor-col-50 elementor-inner-column elementor-element elementor-element-4f8b93a\" data-id=\"4f8b93a\" data-element_type=\"column\">\n\t\t\t<div class=\"elementor-widget-wrap elementor-element-populated\">\n\t\t\t\t\t\t<div class=\"elementor-element elementor-element-770a478 elementor-blockquote--skin-quotation elementor-blockquote--align-center elementor-widget elementor-widget-blockquote\" data-id=\"770a478\" data-element_type=\"widget\" data-widget_type=\"blockquote.default\">\n\t\t\t\t<div class=\"elementor-widget-container\">\n\t\t\t\t\t\t\t<blockquote class=\"elementor-blockquote\">\n\t\t\t<p class=\"elementor-blockquote__content\">\n\t\t\t\tTrue leadership unites inner knowledge, lived courage, and inspiring presence\t\t\t<\/p>\n\t\t\t\t\t<\/blockquote>\n\t\t\t\t\t\t<\/div>\n\t\t\t\t<\/div>\n\t\t\t\t<div class=\"elementor-element elementor-element-941a1d3 elementor-widget elementor-widget-heading\" data-id=\"941a1d3\" data-element_type=\"widget\" data-widget_type=\"heading.default\">\n\t\t\t\t<div class=\"elementor-widget-container\">\n\t\t\t\t\t<h2 class=\"elementor-heading-title elementor-size-default\">Education and Qualification:<\/h2>\t\t\t\t<\/div>\n\t\t\t\t<\/div>\n\t\t\t\t<div class=\"elementor-element elementor-element-3b91a93 elementor-widget elementor-widget-text-editor\" data-id=\"3b91a93\" data-element_type=\"widget\" data-widget_type=\"text-editor.default\">\n\t\t\t\t<div class=\"elementor-widget-container\">\n\t\t\t\t\t\t\t\t\t<ul><li class=\"translation-block\">Diplom-Psychologist<br>\nMaster of Arts in Personnel Development<\/li><li>Psychology of Change \u2013 Emotional Coaching (Dietz Training &amp; Partner)<\/li><li>IFS Consultant and Coach, Working with Inner and External System Dynamics (IIFS Institute)<\/li><li>Systemic and Hypnotherapeutic Concepts for  Organizational Consulting (Milton Erickson Institute)<\/li><li>Systemic Process Consulting (ComTeam)<\/li><li>NVC Mediation (Institute for Restorative Practices)<\/li><li>Transactional Analysis, Process Consulting, Conflict Management (Team Dr. Rosenkrantz)<\/li><li>intOE \u2013 Organizational Development and Organizational Design<\/li><li>Value Match Certified Practitioner (ValueMatch B.V.)<\/li><li>Accreditations: <br \/>\u2013 TMS Model (Team Management System) <br \/>\u2013 DISC Personality Model<br \/>\u2013 HOGAN Personality Test <br \/>&#8211; MBTI<\/li><li>Certified Scrum Master (Scrum Alliance)<\/li><\/ul>\t\t\t\t\t\t\t\t<\/div>\n\t\t\t\t<\/div>\n\t\t\t\t<div class=\"elementor-element elementor-element-c259e05 elementor-widget-divider--view-line elementor-widget elementor-widget-divider\" data-id=\"c259e05\" data-element_type=\"widget\" data-widget_type=\"divider.default\">\n\t\t\t\t<div class=\"elementor-widget-container\">\n\t\t\t\t\t\t\t<div class=\"elementor-divider\">\n\t\t\t<span class=\"elementor-divider-separator\">\n\t\t\t\t\t\t<\/span>\n\t\t<\/div>\n\t\t\t\t\t\t<\/div>\n\t\t\t\t<\/div>\n\t\t\t\t<div class=\"elementor-element elementor-element-c0d7512 elementor-widget elementor-widget-heading\" data-id=\"c0d7512\" data-element_type=\"widget\" data-widget_type=\"heading.default\">\n\t\t\t\t<div class=\"elementor-widget-container\">\n\t\t\t\t\t<h2 class=\"elementor-heading-title elementor-size-default\">Professional Experiences:<\/h2>\t\t\t\t<\/div>\n\t\t\t\t<\/div>\n\t\t\t\t<div class=\"elementor-element elementor-element-2ae3298 elementor-widget elementor-widget-text-editor\" data-id=\"2ae3298\" data-element_type=\"widget\" data-widget_type=\"text-editor.default\">\n\t\t\t\t<div class=\"elementor-widget-container\">\n\t\t\t\t\t\t\t\t\t<ul><li>1999\u20132007: Senior Consultant at KPMG Consulting<\/li><li>2007\u20132012: Internal Management Consultant at LBBW<\/li><li>Since 2011: Independent Consultant, Coach, and Leadership Trainer<\/li><\/ul>\t\t\t\t\t\t\t\t<\/div>\n\t\t\t\t<\/div>\n\t\t\t\t<div class=\"elementor-element elementor-element-e98f1ed elementor-widget-divider--view-line elementor-widget elementor-widget-divider\" data-id=\"e98f1ed\" data-element_type=\"widget\" data-widget_type=\"divider.default\">\n\t\t\t\t<div class=\"elementor-widget-container\">\n\t\t\t\t\t\t\t<div class=\"elementor-divider\">\n\t\t\t<span class=\"elementor-divider-separator\">\n\t\t\t\t\t\t<\/span>\n\t\t<\/div>\n\t\t\t\t\t\t<\/div>\n\t\t\t\t<\/div>\n\t\t\t\t<div class=\"elementor-element elementor-element-8ee64d5 elementor-widget elementor-widget-heading\" data-id=\"8ee64d5\" data-element_type=\"widget\" data-widget_type=\"heading.default\">\n\t\t\t\t<div class=\"elementor-widget-container\">\n\t\t\t\t\t<h2 class=\"elementor-heading-title elementor-size-default\">Consultating and Training Experience:<\/h2>\t\t\t\t<\/div>\n\t\t\t\t<\/div>\n\t\t\t\t<div class=\"elementor-element elementor-element-d43676b elementor-widget elementor-widget-image\" data-id=\"d43676b\" data-element_type=\"widget\" data-widget_type=\"image.default\">\n\t\t\t\t<div class=\"elementor-widget-container\">\n\t\t\t\t\t\t\t\t\t\t\t\t\t\t\t<img decoding=\"async\" width=\"100\" height=\"63\" src=\"https:\/\/schwarz-partner.de\/wp-content\/uploads\/2024\/12\/pferd_mensch-100x63-1.jpg\" class=\"attachment-thumbnail size-thumbnail wp-image-355\" alt=\"Pferd mensch 100x63\" \/>\t\t\t\t\t\t\t\t\t\t\t\t\t\t\t<\/div>\n\t\t\t\t<\/div>\n\t\t\t\t<div class=\"elementor-element elementor-element-00bbaf9 elementor-widget elementor-widget-text-editor\" data-id=\"00bbaf9\" data-element_type=\"widget\" data-widget_type=\"text-editor.default\">\n\t\t\t\t<div class=\"elementor-widget-container\">\n\t\t\t\t\t\t\t\t\t<ul><li>Individual leadership coaching on various levels<\/li><li class=\"translation-block\">Team development and support of national and international (leadership) teams in the context of change management processes<\/li><li>Systemic leadership development: design and implementation<\/li><li>Conflict mediation<\/li><li>Design and implementation of leadership and team development processes in the context of \u201csailing\u201d<\/li><li>Workshops, seminars, and coaching in German and English<\/li><\/ul>\t\t\t\t\t\t\t\t<\/div>\n\t\t\t\t<\/div>\n\t\t\t\t\t<\/div>\n\t\t<\/div>\n\t\t\t\t\t<\/div>\n\t\t<\/section>\n\t\t\t\t\t<\/div>\n\t\t<\/div>\n\t\t\t\t\t<\/div>\n\t\t<\/section>\n\t\t\t\t<section class=\"elementor-section elementor-top-section elementor-element elementor-element-3e86e74f elementor-section-boxed elementor-section-height-default elementor-section-height-default\" data-id=\"3e86e74f\" data-element_type=\"section\">\n\t\t\t\t\t\t<div class=\"elementor-container elementor-column-gap-default\">\n\t\t\t\t\t<div class=\"elementor-column elementor-col-100 elementor-top-column elementor-element elementor-element-74ac73d4\" data-id=\"74ac73d4\" data-element_type=\"column\">\n\t\t\t<div class=\"elementor-widget-wrap elementor-element-populated\">\n\t\t\t\t\t\t<div class=\"elementor-element elementor-element-327c16 elementor-widget-divider--view-line elementor-widget elementor-widget-divider\" data-id=\"327c16\" data-element_type=\"widget\" data-widget_type=\"divider.default\">\n\t\t\t\t<div class=\"elementor-widget-container\">\n\t\t\t\t\t\t\t<div class=\"elementor-divider\">\n\t\t\t<span class=\"elementor-divider-separator\">\n\t\t\t\t\t\t<\/span>\n\t\t<\/div>\n\t\t\t\t\t\t<\/div>\n\t\t\t\t<\/div>\n\t\t\t\t<div class=\"elementor-element elementor-element-7ef8cf3c elementor-align-center elementor-tablet-align-center elementor-mobile-align-center elementor-widget elementor-widget-button\" data-id=\"7ef8cf3c\" data-element_type=\"widget\" data-widget_type=\"button.default\">\n\t\t\t\t<div class=\"elementor-widget-container\">\n\t\t\t\t\t\t\t\t\t<div class=\"elementor-button-wrapper\">\n\t\t\t\t\t<a class=\"elementor-button elementor-button-link elementor-size-sm elementor-animation-pop\" href=\"#top\">\n\t\t\t\t\t\t<span class=\"elementor-button-content-wrapper\">\n\t\t\t\t\t\t<span class=\"elementor-button-icon\">\n\t\t\t\t<svg aria-hidden=\"true\" class=\"e-font-icon-svg e-fas-long-arrow-alt-up\" viewbox=\"0 0 256 512\" xmlns=\"http:\/\/www.w3.org\/2000\/svg\"><path d=\"M88 166.059V468c0 6.627 5.373 12 12 12h56c6.627 0 12-5.373 12-12V166.059h46.059c21.382 0 32.09-25.851 16.971-40.971l-86.059-86.059c-9.373-9.373-24.569-9.373-33.941 0l-86.059 86.059c-15.119 15.119-4.411 40.971 16.971 40.971H88z\"><\/path><\/svg>\t\t\t<\/span>\n\t\t\t\t\t\t\t\t\t<span class=\"elementor-button-text\">zum Anfang<\/span>\n\t\t\t\t\t<\/span>\n\t\t\t\t\t<\/a>\n\t\t\t\t<\/div>\n\t\t\t\t\t\t\t\t<\/div>\n\t\t\t\t<\/div>\n\t\t\t\t\t<\/div>\n\t\t<\/div>\n\t\t\t\t\t<\/div>\n\t\t<\/section>\n\t\t\t\t<\/div>","protected":false},"excerpt":{"rendered":"<p>\u203a Dipl. Psych. Katja Pleterski Beraterprofile: Freie Beraterinbei Schwarz &amp; Partner Wahre F\u00fchrung vereint inneres Wissen, gelebten Mut und inspirierende Pr\u00e4senz Aus- und Weiterbildung: Diplom-PsychologinMaster of Arts, Personalentwicklung Psychologie der Ver\u00e4nderung \u2013 emotional coachen, (Dietz Training &amp; Partner) IFS-Berater und Coach, Umgang mit inneren und \u00e4u\u00dferen Systemdynamiken, (IFS-Institut) Systemische und hypnotherapeutische Konzepte f\u00fcr die Organisationsberatung, [&hellip;]<\/p>","protected":false},"author":1,"featured_media":0,"parent":0,"menu_order":0,"comment_status":"closed","ping_status":"closed","template":"elementor_header_footer","meta":{"slim_seo":{"title":"Katja Pleterski - Schwarz und Partner","description":"\u203a Dipl. Psych. Katja Pleterski Beraterprofile: Freie Beraterin bei Schwarz &amp; Partner Wahre F\u00fchrung vereint inneres Wissen, gelebten Mut und inspirierende Pr"},"footnotes":""},"class_list":["post-514","page","type-page","status-publish","hentry"],"_links":{"self":[{"href":"https:\/\/schwarz-partner.de\/en\/wp-json\/wp\/v2\/pages\/514","targetHints":{"allow":["GET"]}}],"collection":[{"href":"https:\/\/schwarz-partner.de\/en\/wp-json\/wp\/v2\/pages"}],"about":[{"href":"https:\/\/schwarz-partner.de\/en\/wp-json\/wp\/v2\/types\/page"}],"author":[{"embeddable":true,"href":"https:\/\/schwarz-partner.de\/en\/wp-json\/wp\/v2\/users\/1"}],"replies":[{"embeddable":true,"href":"https:\/\/schwarz-partner.de\/en\/wp-json\/wp\/v2\/comments?post=514"}],"version-history":[{"count":0,"href":"https:\/\/schwarz-partner.de\/en\/wp-json\/wp\/v2\/pages\/514\/revisions"}],"wp:attachment":[{"href":"https:\/\/schwarz-partner.de\/en\/wp-json\/wp\/v2\/media?parent=514"}],"curies":[{"name":"wp","href":"https:\/\/api.w.org\/{rel}","templated":true}]}}