{"id":963,"date":"2025-01-31T23:13:20","date_gmt":"2025-01-31T22:13:20","guid":{"rendered":"https:\/\/schwarz-partner.de\/?page_id=963"},"modified":"2025-08-06T21:30:17","modified_gmt":"2025-08-06T19:30:17","slug":"franz-schwarz","status":"publish","type":"page","link":"https:\/\/schwarz-partner.de\/en\/franz-schwarz\/","title":{"rendered":"Franz Schwarz"},"content":{"rendered":"<div data-elementor-type=\"wp-page\" data-elementor-id=\"963\" class=\"elementor elementor-963\" data-elementor-post-type=\"page\">\n\t\t\t\t\t\t<section class=\"elementor-section elementor-top-section elementor-element elementor-element-a7ef41b elementor-section-height-min-height elementor-section-boxed elementor-section-height-default elementor-section-items-middle\" data-id=\"a7ef41b\" data-element_type=\"section\" id=\"top\" data-settings=\"{&quot;background_background&quot;:&quot;classic&quot;}\">\n\t\t\t\t\t\t\t<div class=\"elementor-background-overlay\"><\/div>\n\t\t\t\t\t\t\t<div class=\"elementor-container elementor-column-gap-default\">\n\t\t\t\t\t<div class=\"elementor-column elementor-col-100 elementor-top-column elementor-element elementor-element-60e2966\" data-id=\"60e2966\" data-element_type=\"column\">\n\t\t\t<div class=\"elementor-widget-wrap elementor-element-populated\">\n\t\t\t\t\t\t<div class=\"elementor-element elementor-element-0d8b78a elementor-widget elementor-widget-heading\" data-id=\"0d8b78a\" data-element_type=\"widget\" data-widget_type=\"heading.default\">\n\t\t\t\t<div class=\"elementor-widget-container\">\n\t\t\t\t\t<h2 class=\"elementor-heading-title elementor-size-default\">\u203a Franz Schwarz<\/h2>\t\t\t\t<\/div>\n\t\t\t\t<\/div>\n\t\t\t\t<div class=\"elementor-element elementor-element-a8b8d90 elementor-widget-divider--view-line elementor-widget elementor-widget-divider\" data-id=\"a8b8d90\" data-element_type=\"widget\" data-widget_type=\"divider.default\">\n\t\t\t\t<div class=\"elementor-widget-container\">\n\t\t\t\t\t\t\t<div class=\"elementor-divider\">\n\t\t\t<span class=\"elementor-divider-separator\">\n\t\t\t\t\t\t<\/span>\n\t\t<\/div>\n\t\t\t\t\t\t<\/div>\n\t\t\t\t<\/div>\n\t\t\t\t\t<\/div>\n\t\t<\/div>\n\t\t\t\t\t<\/div>\n\t\t<\/section>\n\t\t\t\t<section class=\"elementor-section elementor-top-section elementor-element elementor-element-3ba940b elementor-section-full_width elementor-section-height-default elementor-section-height-default\" data-id=\"3ba940b\" data-element_type=\"section\">\n\t\t\t\t\t\t<div class=\"elementor-container elementor-column-gap-default\">\n\t\t\t\t\t<div class=\"elementor-column elementor-col-100 elementor-top-column elementor-element elementor-element-e5bc73d\" data-id=\"e5bc73d\" data-element_type=\"column\">\n\t\t\t<div class=\"elementor-widget-wrap elementor-element-populated\">\n\t\t\t\t\t\t<div class=\"elementor-element elementor-element-5baff6c elementor-widget__width-auto elementor-widget elementor-widget-text-editor\" data-id=\"5baff6c\" data-element_type=\"widget\" data-widget_type=\"text-editor.default\">\n\t\t\t\t<div class=\"elementor-widget-container\">\n\t\t\t\t\t\t\t\t\t<p>Beraterprofile:<\/p>\t\t\t\t\t\t\t\t<\/div>\n\t\t\t\t<\/div>\n\t\t\t\t<div class=\"elementor-element elementor-element-09c771b elementor-widget-divider--view-line elementor-widget elementor-widget-divider\" data-id=\"09c771b\" data-element_type=\"widget\" data-widget_type=\"divider.default\">\n\t\t\t\t<div class=\"elementor-widget-container\">\n\t\t\t\t\t\t\t<div class=\"elementor-divider\">\n\t\t\t<span class=\"elementor-divider-separator\">\n\t\t\t\t\t\t<\/span>\n\t\t<\/div>\n\t\t\t\t\t\t<\/div>\n\t\t\t\t<\/div>\n\t\t\t\t\t<\/div>\n\t\t<\/div>\n\t\t\t\t\t<\/div>\n\t\t<\/section>\n\t\t\t\t<section class=\"elementor-section elementor-top-section elementor-element elementor-element-d0f1513 elementor-section-boxed elementor-section-height-default elementor-section-height-default\" data-id=\"d0f1513\" data-element_type=\"section\">\n\t\t\t\t\t\t<div class=\"elementor-container elementor-column-gap-default\">\n\t\t\t\t\t<div class=\"elementor-column elementor-col-100 elementor-top-column elementor-element elementor-element-784f2f6\" data-id=\"784f2f6\" data-element_type=\"column\">\n\t\t\t<div class=\"elementor-widget-wrap elementor-element-populated\">\n\t\t\t\t\t\t<section class=\"elementor-section elementor-inner-section elementor-element elementor-element-e8c8ee4 elementor-section-boxed elementor-section-height-default elementor-section-height-default\" data-id=\"e8c8ee4\" data-element_type=\"section\">\n\t\t\t\t\t\t<div class=\"elementor-container elementor-column-gap-wide\">\n\t\t\t\t\t<div class=\"elementor-column elementor-col-50 elementor-inner-column elementor-element elementor-element-f56f33f\" data-id=\"f56f33f\" data-element_type=\"column\">\n\t\t\t<div class=\"elementor-widget-wrap elementor-element-populated\">\n\t\t\t\t\t\t<div class=\"elementor-element elementor-element-ae4f18d elementor-widget elementor-widget-image\" data-id=\"ae4f18d\" data-element_type=\"widget\" data-widget_type=\"image.default\">\n\t\t\t\t<div class=\"elementor-widget-container\">\n\t\t\t\t\t\t\t\t\t\t\t\t\t\t\t<img fetchpriority=\"high\" decoding=\"async\" width=\"400\" height=\"400\" src=\"https:\/\/schwarz-partner.de\/wp-content\/uploads\/2024\/12\/Bild-Franz-Schwarz-400x400-1.jpg\" class=\"attachment-large size-large wp-image-351\" alt=\"Franz schwarz\" srcset=\"https:\/\/schwarz-partner.de\/wp-content\/uploads\/2024\/12\/Bild-Franz-Schwarz-400x400-1.jpg 400w, https:\/\/schwarz-partner.de\/wp-content\/uploads\/2024\/12\/Bild-Franz-Schwarz-400x400-1-300x300.jpg 300w, https:\/\/schwarz-partner.de\/wp-content\/uploads\/2024\/12\/Bild-Franz-Schwarz-400x400-1-150x150.jpg 150w\" sizes=\"(max-width: 400px) 100vw, 400px\" \/>\t\t\t\t\t\t\t\t\t\t\t\t\t\t\t<\/div>\n\t\t\t\t<\/div>\n\t\t\t\t<div class=\"elementor-element elementor-element-f48f5e8 elementor-widget elementor-widget-text-editor\" data-id=\"f48f5e8\" data-element_type=\"widget\" data-widget_type=\"text-editor.default\">\n\t\t\t\t<div class=\"elementor-widget-container\">\n\t\t\t\t\t\t\t\t\t<p>Gesch\u00e4ftsf\u00fchrer<\/p>\t\t\t\t\t\t\t\t<\/div>\n\t\t\t\t<\/div>\n\t\t\t\t\t<\/div>\n\t\t<\/div>\n\t\t\t\t<div class=\"elementor-column elementor-col-50 elementor-inner-column elementor-element elementor-element-4f8b93a\" data-id=\"4f8b93a\" data-element_type=\"column\">\n\t\t\t<div class=\"elementor-widget-wrap elementor-element-populated\">\n\t\t\t\t\t\t<div class=\"elementor-element elementor-element-82fe6b6 elementor-blockquote--skin-quotation elementor-blockquote--align-center elementor-widget elementor-widget-blockquote\" data-id=\"82fe6b6\" data-element_type=\"widget\" data-widget_type=\"blockquote.default\">\n\t\t\t\t<div class=\"elementor-widget-container\">\n\t\t\t\t\t\t\t<blockquote class=\"elementor-blockquote\">\n\t\t\t<p class=\"elementor-blockquote__content\">\n\t\t\t\tI\u2019m convinced that besides personal charisma, competence, readiness for learning, clarity and discipline are definitely the crucial factors for sustainable success.\t\t\t<\/p>\n\t\t\t\t\t<\/blockquote>\n\t\t\t\t\t\t<\/div>\n\t\t\t\t<\/div>\n\t\t\t\t<div class=\"elementor-element elementor-element-941a1d3 elementor-widget elementor-widget-heading\" data-id=\"941a1d3\" data-element_type=\"widget\" data-widget_type=\"heading.default\">\n\t\t\t\t<div class=\"elementor-widget-container\">\n\t\t\t\t\t<h2 class=\"elementor-heading-title elementor-size-default\">Education and Qualification:<\/h2>\t\t\t\t<\/div>\n\t\t\t\t<\/div>\n\t\t\t\t<div class=\"elementor-element elementor-element-3b91a93 elementor-widget elementor-widget-text-editor\" data-id=\"3b91a93\" data-element_type=\"widget\" data-widget_type=\"text-editor.default\">\n\t\t\t\t<div class=\"elementor-widget-container\">\n\t\t\t\t\t\t\t\t\t<ul><li>Certified social pedagogue (polytechnic university)<\/li><li>Training in Transactional Analysis, focus on Management and Organizational Development<\/li><li>Group Dynamics, Conflict Management<\/li><li>Bio-energetic Analysis in Consul\u00adtation<\/li><li>Target Oriented Time Management, Helfrecht Planungscenter<\/li><li>Qualification in Systemic Consultation at the Institute for Systemic Con\u00adsultation, Wiesloch<\/li><li>Coaching skills for intercultural coaches, St\u00f6ger &amp; Partner, Markt Schwaben<\/li><li>Additional qualifications, e. g. conflict moderation\/mediation, structural constellations, Professio Masters Course, Ansbach<\/li><\/ul>\t\t\t\t\t\t\t\t<\/div>\n\t\t\t\t<\/div>\n\t\t\t\t<div class=\"elementor-element elementor-element-c259e05 elementor-widget-divider--view-line elementor-widget elementor-widget-divider\" data-id=\"c259e05\" data-element_type=\"widget\" data-widget_type=\"divider.default\">\n\t\t\t\t<div class=\"elementor-widget-container\">\n\t\t\t\t\t\t\t<div class=\"elementor-divider\">\n\t\t\t<span class=\"elementor-divider-separator\">\n\t\t\t\t\t\t<\/span>\n\t\t<\/div>\n\t\t\t\t\t\t<\/div>\n\t\t\t\t<\/div>\n\t\t\t\t<div class=\"elementor-element elementor-element-8ee64d5 elementor-widget elementor-widget-heading\" data-id=\"8ee64d5\" data-element_type=\"widget\" data-widget_type=\"heading.default\">\n\t\t\t\t<div class=\"elementor-widget-container\">\n\t\t\t\t\t<h2 class=\"elementor-heading-title elementor-size-default\">Professional Experiences:<\/h2>\t\t\t\t<\/div>\n\t\t\t\t<\/div>\n\t\t\t\t<div class=\"elementor-element elementor-element-00bbaf9 elementor-widget elementor-widget-text-editor\" data-id=\"00bbaf9\" data-element_type=\"widget\" data-widget_type=\"text-editor.default\">\n\t\t\t\t<div class=\"elementor-widget-container\">\n\t\t\t\t\t\t\t\t\t<ul><li>Since 1985 independent trainer and consultant<\/li><li>CEO of Schwarz &amp; Partner (corporate management, customer contact, leader\u00adship, development of innovative products)\u00a0<strong>Schwarz &amp; Partner\u00a0<\/strong>Organisations\u00adentwicklung, Personal\u00adentwicklung<\/li><\/ul>\t\t\t\t\t\t\t\t<\/div>\n\t\t\t\t<\/div>\n\t\t\t\t<div class=\"elementor-element elementor-element-2df248f elementor-widget-divider--view-line elementor-widget elementor-widget-divider\" data-id=\"2df248f\" data-element_type=\"widget\" data-widget_type=\"divider.default\">\n\t\t\t\t<div class=\"elementor-widget-container\">\n\t\t\t\t\t\t\t<div class=\"elementor-divider\">\n\t\t\t<span class=\"elementor-divider-separator\">\n\t\t\t\t\t\t<\/span>\n\t\t<\/div>\n\t\t\t\t\t\t<\/div>\n\t\t\t\t<\/div>\n\t\t\t\t<div class=\"elementor-element elementor-element-9a3888f elementor-widget elementor-widget-heading\" data-id=\"9a3888f\" data-element_type=\"widget\" data-widget_type=\"heading.default\">\n\t\t\t\t<div class=\"elementor-widget-container\">\n\t\t\t\t\t<h2 class=\"elementor-heading-title elementor-size-default\">Consultating and Training Experience:<\/h2>\t\t\t\t<\/div>\n\t\t\t\t<\/div>\n\t\t\t\t<div class=\"elementor-element elementor-element-f59ca4c elementor-widget elementor-widget-text-editor\" data-id=\"f59ca4c\" data-element_type=\"widget\" data-widget_type=\"text-editor.default\">\n\t\t\t\t<div class=\"elementor-widget-container\">\n\t\t\t\t\t\t\t\t\t<ul><li>Design and implementation of development programs at all levels of management<\/li><li>Supports strategy workshops, e. g. management teams in an international context<\/li><li>Workshops with topics like \u201cInnovation and Vision\u201d, \u201cPlanning Targets and Success\u201d<\/li><li>Train the trainer and other multipliers<\/li><li>Team Development and Team Coaching<\/li><li>Horse-assisted Team and Leadership Development<\/li><li>Coaching of individuals and teams<\/li><\/ul>\t\t\t\t\t\t\t\t<\/div>\n\t\t\t\t<\/div>\n\t\t\t\t<div class=\"elementor-element elementor-element-d43676b elementor-widget elementor-widget-image\" data-id=\"d43676b\" data-element_type=\"widget\" data-widget_type=\"image.default\">\n\t\t\t\t<div class=\"elementor-widget-container\">\n\t\t\t\t\t\t\t\t\t\t\t\t\t\t\t<img decoding=\"async\" width=\"100\" height=\"63\" src=\"https:\/\/schwarz-partner.de\/wp-content\/uploads\/2024\/12\/pferd_mensch-100x63-1.jpg\" class=\"attachment-thumbnail size-thumbnail wp-image-355\" alt=\"Pferd mensch 100x63\" \/>\t\t\t\t\t\t\t\t\t\t\t\t\t\t\t<\/div>\n\t\t\t\t<\/div>\n\t\t\t\t\t<\/div>\n\t\t<\/div>\n\t\t\t\t\t<\/div>\n\t\t<\/section>\n\t\t\t\t\t<\/div>\n\t\t<\/div>\n\t\t\t\t\t<\/div>\n\t\t<\/section>\n\t\t\t\t<section class=\"elementor-section elementor-top-section elementor-element elementor-element-66aa80a1 elementor-section-boxed elementor-section-height-default elementor-section-height-default\" data-id=\"66aa80a1\" data-element_type=\"section\">\n\t\t\t\t\t\t<div class=\"elementor-container elementor-column-gap-default\">\n\t\t\t\t\t<div class=\"elementor-column elementor-col-100 elementor-top-column elementor-element elementor-element-33e0fa34\" data-id=\"33e0fa34\" data-element_type=\"column\">\n\t\t\t<div class=\"elementor-widget-wrap elementor-element-populated\">\n\t\t\t\t\t\t<div class=\"elementor-element elementor-element-42172ced elementor-widget-divider--view-line elementor-widget elementor-widget-divider\" data-id=\"42172ced\" data-element_type=\"widget\" data-widget_type=\"divider.default\">\n\t\t\t\t<div class=\"elementor-widget-container\">\n\t\t\t\t\t\t\t<div class=\"elementor-divider\">\n\t\t\t<span class=\"elementor-divider-separator\">\n\t\t\t\t\t\t<\/span>\n\t\t<\/div>\n\t\t\t\t\t\t<\/div>\n\t\t\t\t<\/div>\n\t\t\t\t<div class=\"elementor-element elementor-element-72ac3b8f elementor-align-center elementor-tablet-align-center elementor-mobile-align-center elementor-widget elementor-widget-button\" data-id=\"72ac3b8f\" data-element_type=\"widget\" data-widget_type=\"button.default\">\n\t\t\t\t<div class=\"elementor-widget-container\">\n\t\t\t\t\t\t\t\t\t<div class=\"elementor-button-wrapper\">\n\t\t\t\t\t<a class=\"elementor-button elementor-button-link elementor-size-sm elementor-animation-pop\" href=\"#top\">\n\t\t\t\t\t\t<span class=\"elementor-button-content-wrapper\">\n\t\t\t\t\t\t<span class=\"elementor-button-icon\">\n\t\t\t\t<svg aria-hidden=\"true\" class=\"e-font-icon-svg e-fas-long-arrow-alt-up\" viewbox=\"0 0 256 512\" xmlns=\"http:\/\/www.w3.org\/2000\/svg\"><path d=\"M88 166.059V468c0 6.627 5.373 12 12 12h56c6.627 0 12-5.373 12-12V166.059h46.059c21.382 0 32.09-25.851 16.971-40.971l-86.059-86.059c-9.373-9.373-24.569-9.373-33.941 0l-86.059 86.059c-15.119 15.119-4.411 40.971 16.971 40.971H88z\"><\/path><\/svg>\t\t\t<\/span>\n\t\t\t\t\t\t\t\t\t<span class=\"elementor-button-text\">zum Anfang<\/span>\n\t\t\t\t\t<\/span>\n\t\t\t\t\t<\/a>\n\t\t\t\t<\/div>\n\t\t\t\t\t\t\t\t<\/div>\n\t\t\t\t<\/div>\n\t\t\t\t\t<\/div>\n\t\t<\/div>\n\t\t\t\t\t<\/div>\n\t\t<\/section>\n\t\t\t\t<\/div>","protected":false},"excerpt":{"rendered":"<p>\u203a Franz Schwarz Beraterprofile: Gesch\u00e4ftsf\u00fchrer Ich bin der \u00dcberzeugung, dass neben pers\u00f6nlicher Aus\u00adstrahlung unbe\u00addingt K\u00f6nnen, Lern\u00adbereit\u00adschaft, Klar\u00adheit und Diszi\u00adplin zu den wesent\u00adlichen Fak\u00adtoren f\u00fcr lang\u00adfristigen Er\u00adfolg geh\u00f6ren. Aus- und Weiterbildung: Diplom-Sozialp\u00e4dagoge (FH) Ausbildung in Transaktionsanalyse, Schwerpunkt Management und Orga\u00adni\u00adsations\u00adent\u00adwick\u00adlung Bio\u00adener\u00adge\u00adtische Analyse in der Beratung, TOEM, Wien Zielgerichtetes Selbstmanagement, Helfrecht Planungs\u00adcenter Qualifizierung in systemischer Be\u00adratung f\u00fcr [&hellip;]<\/p>","protected":false},"author":1,"featured_media":0,"parent":0,"menu_order":0,"comment_status":"closed","ping_status":"closed","template":"elementor_header_footer","meta":{"slim_seo":{"title":"Franz Schwarz - Schwarz und Partner","description":"\u203a Franz Schwarz Beraterprofile: Gesch\u00e4ftsf\u00fchrer Ich bin der \u00dcberzeugung, dass neben pers\u00f6nlicher Aus\u00adstrahlung unbe\u00addingt K\u00f6nnen, Lern\u00adbereit\u00adschaft, Klar\u00adheit"},"footnotes":""},"class_list":["post-963","page","type-page","status-publish","hentry"],"_links":{"self":[{"href":"https:\/\/schwarz-partner.de\/en\/wp-json\/wp\/v2\/pages\/963","targetHints":{"allow":["GET"]}}],"collection":[{"href":"https:\/\/schwarz-partner.de\/en\/wp-json\/wp\/v2\/pages"}],"about":[{"href":"https:\/\/schwarz-partner.de\/en\/wp-json\/wp\/v2\/types\/page"}],"author":[{"embeddable":true,"href":"https:\/\/schwarz-partner.de\/en\/wp-json\/wp\/v2\/users\/1"}],"replies":[{"embeddable":true,"href":"https:\/\/schwarz-partner.de\/en\/wp-json\/wp\/v2\/comments?post=963"}],"version-history":[{"count":0,"href":"https:\/\/schwarz-partner.de\/en\/wp-json\/wp\/v2\/pages\/963\/revisions"}],"wp:attachment":[{"href":"https:\/\/schwarz-partner.de\/en\/wp-json\/wp\/v2\/media?parent=963"}],"curies":[{"name":"wp","href":"https:\/\/api.w.org\/{rel}","templated":true}]}}